{"id":905,"date":"2021-11-04T09:07:39","date_gmt":"2021-11-04T08:07:39","guid":{"rendered":"http:\/\/medifarmitalia.com\/?page_id=905"},"modified":"2022-01-17T12:32:50","modified_gmt":"2022-01-17T11:32:50","slug":"informativa-privacy-whatsapp-broadcast","status":"publish","type":"page","link":"https:\/\/medifarmitalia.com\/it\/informativa-privacy-whatsapp-broadcast\/","title":{"rendered":"Informativa privacy WhatsApp"},"content":{"rendered":"[vc_row type=&#8221;in_container&#8221; full_screen_row_position=&#8221;middle&#8221; column_margin=&#8221;default&#8221; scene_position=&#8221;center&#8221; text_color=&#8221;dark&#8221; text_align=&#8221;left&#8221; overlay_strength=&#8221;0.3&#8243; shape_divider_position=&#8221;bottom&#8221; bg_image_animation=&#8221;none&#8221;][vc_column column_padding=&#8221;no-extra-padding&#8221; column_padding_position=&#8221;all&#8221; background_color_opacity=&#8221;1&#8243; background_hover_color_opacity=&#8221;1&#8243; column_link_target=&#8221;_self&#8221; column_shadow=&#8221;none&#8221; column_border_radius=&#8221;none&#8221; width=&#8221;1\/1&#8243; tablet_width_inherit=&#8221;default&#8221; tablet_text_alignment=&#8221;default&#8221; phone_text_alignment=&#8221;default&#8221; overlay_strength=&#8221;0.3&#8243; column_border_width=&#8221;none&#8221; column_border_style=&#8221;solid&#8221; bg_image_animation=&#8221;none&#8221;][vc_column_text]<strong>Informativa sulla privacy relativa all\u2019utilizzo del nostro servizio WhatsApp<\/strong><\/p>\r\n\r\n<p>Ai sensi del Regolamento Europeo 2016\/679 (Regolamento Europeo in materia di protezione dei dati personali, GDPR), informiamo i nostri gentili utenti che i dati personali raccolti sono trattati con le modalit\u00e0 e le finalit\u00e0 descritte di seguito.<\/p>\r\n\r\n<p><strong>Titolare del Trattamento<\/strong><\/p>\r\n\r\n<p>La informiamo che il Titolare della raccolta, del trattamento e dell\u2019utilizzo dei dati personali, ai sensi degli artt. 13 e 14 del Regolamento Europeo 2016\/679, \u00e8 Farzedi S.R.L., con sede in Via Tiburtina 1166\/1168, Roma (RM), 00156, Partita IVA 01052841002 (di seguito \u201cTitolare\u201d).<\/p>\r\n\r\n<p>Il trattamento sar\u00e0 improntato ai principi di correttezza, liceit\u00e0 e trasparenza, nonch\u00e9 nell\u2019ottica della tutela della sua Riservatezza e dei Suoi diritti.<\/p>\r\n\r\n<p>In caso di opposizione, totale o parziale, alla raccolta, al trattamento o all\u2019utilizzo dei dati personali, si prega di inviare la propria obiezione tramite e-mail, fax o lettera al seguente contatto:<\/p>\r\n\r\n\r\n\r\n<p class=\"has-text-align-center\">Farzedi S.R.L.<\/p>\r\n\r\n\r\n\r\n<p class=\"has-text-align-center\">Via Tiburtina 1166\/1168,<\/p>\r\n\r\n\r\n\r\n<p class=\"has-text-align-center\">Roma (RM), 00156<\/p>\r\n\r\n\r\n\r\n<p class=\"has-text-align-center\">e-mail: privacy@farzedi.com<\/p>\r\n\r\n\r\n\r\n<p class=\"has-text-align-center\">Fax: 00 39 06 41 22 52 42<\/p>\r\n\r\n<p><strong>Oggetto e finalit\u00e0 del trattamento<\/strong><\/p>\r\n\r\n<p>I dati da noi raccolti vengono forniti dall\u2019utente in fase di registrazione al servizio \u201cWhatsApp \u2013 Medifarm Srl\u201d e sono trattati per l\u2019invio delle offerte mediante il servizio di broadcast integrato di WhatsApp Business o tramite messaggio privato.<\/p>\r\n\r\n<p>Con l\u2019invio di un messaggio WhatsApp e\/o di una e-mail al Titolare riportante il testo \u201cAttiva\u201d, l\u2019utente esprime il suo consenso ai sensi dell\u2019art. 6, paragrafo 1, lett. a) GDPR affinch\u00e9 il Titolare utilizzi i suoi dati personali (ad es. nome e cognome, numero di telefono) per inviargli informazioni tramite il servizio WhatsApp. Con l\u2019invio del messaggio di iscrizione, l\u2019utente:<\/p>\r\n\r\n\r\n\r\n<ul class=\"wp-block-list\">\r\n<li>Accetta di entrare nella lista dei contatti WhatsApp del Titolare.<\/li>\r\n<li>Dichiara di aver letto e accettato la presente policy.<\/li>\r\n<li>Viene informato che il servizio \u00e8 gratuito.<\/li>\r\n<\/ul>\r\n\r\n<p>Si precisa che i messaggi di WhatApp potranno essere inviati esclusivamente in modalit\u00e0 \u201cmessaggio privato\u201d o \u201cbroadcast\u201d in modo da garantire la riservatezza dei numeri degli utenti coinvolti e permettere l\u2019esclusivo contatto tra Medifarm Srl e i singoli destinatari.<\/p>\r\n\r\n<p>Per l\u2019utilizzo di questo servizio \u00e8 necessario un account fornito dal provider. Il provider responsabile del servizio di messaggistica \u00e8:<\/p>\r\n\r\n<p>WhatsApp, Inc., 1601 Willow Road, Menlo Park, California 94025, USA, la cui informativa sulla privacy \u00e8 disponibile all\u2019indirizzo<span style=\"color: #000000;\"> <a style=\"color: #000000;\" href=\"https:\/\/www.whatsapp.com\/legal\/#privacy-policy\">https:\/\/www.whatsapp.com\/legal\/#privacy-policy<\/a>.<\/span><\/p>\r\n\r\n<p>Il Suo consenso al trattamento dei dati pu\u00f2 essere liberamente revocato in qualsiasi momento inviando al Titolare un messaggio WhatsApp e\/o una e-mail riportate il testo \u201cStop\u201d. Per richiedere la rimozione di tutti i Suoi dati, invii con le medesime modalit\u00e0 un messaggio con il testo \u201cCancella tutti i dati\u201d.<\/p>\r\n\r\n<p><strong>Modalit\u00e0 di trattamento<\/strong><\/p>\r\n\r\n<p>Per trattamento di dati personali ai sensi della norma, si intende qualunque operazione o complesso di operazioni, svolti con o senza l\u2019ausilio di mezzi elettronici o comunque automatizzati, concernenti la raccolta, la registrazione, l\u2019organizzazione, la conservazione, l\u2019elaborazione, la modificazione, la selezione, l\u2019estrazione, il raffronto, l\u2019utilizzo, l\u2019interconnessione, il blocco, la comunicazione, la diffusione, la cancellazione e la distribuzione di dati. Il Titolare assicura che il trattamento dei dati sar\u00e0 effettuato tramite l\u2019utilizzo di idonee procedure che evitino il rischio di perdita, accesso non autorizzato, uso illecito e diffusione, nel rispetto dei limiti e delle condizioni posti dal Regolamento UE 2016\/679.<\/p>\r\n\r\n<p><strong>Accesso ai Dati<\/strong><\/p>\r\n\r\n<p>I soggetti che possono venire a conoscenza dei dati personali dell\u2019utente in qualit\u00e0 di responsabili o incaricati (in base all\u2019Articolo 13 Comma 1 del GDPR) sono:<\/p>\r\n\r\n\r\n\r\n<ul class=\"wp-block-list\">\r\n<li>Il Titolare del trattamento.<\/li>\r\n<li>Il personale del Titolare del trattamento, per l\u2019espletamento delle richieste dell\u2019utente (registrazione, iscrizione, risposta ad una richiesta di informazioni).<\/li>\r\n<\/ul>\r\n\r\n<p><strong>Comunicazione e trasferimento dei dati<\/strong><\/p>\r\n\r\n<p>I dati personali potranno essere comunicati a Organismi di vigilanza, Autorit\u00e0 giudiziarie ed altri soggetti terzi ai quali la comunicazione sia obbligatoria in forza di legge, ivi incluso l\u2019ambito di prevenzione\/repressione di qualsiasi attivit\u00e0 illecita connessa all\u2019utilizzo del servizio.<\/p>\r\n\r\n<p>I dati non saranno oggetto di trasferimento al di fuori dell\u2019Unione Europea, fatto salvo il trattamento dei dati da parte di WhatsApp. Sul punto, si rinvia ai termini di servizio e all\u2019informativa privacy di WhatsApp, Inc, raggiungibili al seguente indirizzo: <span style=\"color: #000000;\"><a style=\"color: #000000;\" href=\"https:\/\/www.whatsapp.com\/legal\/#privacy-policy\">https:\/\/www.whatsapp.com\/legal\/#privacy-policy<\/a>.<\/span><\/p>\r\n\r\n<p>Ai sensi dell\u2019Art. 13, comma 2, lettera (f) del Regolamento, si informa che tutti i dati raccolti non saranno comunque oggetto di alcun processo decisionale automatizzato, compresa la profilazione.<\/p>\r\n\r\n<p><strong>Periodo di Conservazione dei Dati e revoca del consenso<\/strong><\/p>\r\n\r\n<p>I dati personali saranno conservati fino alla espressa richiesta di cancellazione dal servizio da parte dell\u2019interessato.<\/p>\r\n\r\n<p>Gli iscritti possono esprimere la revoca al servizio \u201cWhatsApp \u2013 Medifarm Srl\u201d in qualsiasi momento inviando al numero +39 344 13 41 987 un messaggio con il testo: \u201cStop\u201d.<\/p>\r\n\r\n<p>Qualora intervenga la revoca del consenso al trattamento specifico da parte dell\u2019interessato, i dati verranno cancellati o resi anonimi entro 72 ore dalla ricezione della revoca. La cancellazione dal servizio non pregiudica la liceit\u00e0 del trattamento svolto prima della revoca del consenso.<\/p>\r\n\r\n<p><strong>I suoi diritti<\/strong><\/p>\r\n\r\n<p>Conformemente al Regolamento Generale sulla Protezione dei Dati, gli utenti possono sempre esercitare i diritti esplicitati negli articoli 13 (Comma 2), 15, 17, 18, 19 e 21 del GDPR, di seguito riassunti:<\/p>\r\n\r\n\r\n\r\n<ul class=\"wp-block-list\">\r\n<li>L\u2019interessato ha il diritto di ottenere la conferma dell\u2019esistenza di dati che lo riguardano, anche se non ancora comunicati, e di avere la loro comunicazione in forma intelligibile;<\/li>\r\n<li>L\u2019interessato ha il diritto di chiedere al Titolare del trattamento l\u2019accesso ai dati personali, l\u2019integrazione, la rettifica, la cancellazione degli stessi o la limitazione dei trattamenti che lo riguardano o di opporsi al loro trattamento, oltre al diritto alla portabilit\u00e0 dei dati;<\/li>\r\n<li>L\u2019interessato ha il diritto di proporre un reclamo al Garante per la protezione dei dati personali, seguendo le procedure e le indicazioni pubblicate sul sito web ufficiale dell\u2019Autorit\u00e0 su <a href=\"http:\/\/www.garanteprivacy.it\"><span style=\"color: #000000;\">www.garanteprivacy.it<\/span><\/a>.<\/li>\r\n<\/ul>\r\n\r\n<p>L\u2019esercizio dei diritti non \u00e8 soggetto ad alcun vincolo di forma ed \u00e8 gratuito.<\/p>\r\n\r\n<p>A partire dal ricevimento della presente comunicazione informativa, si intender\u00e0 rilasciato il consenso al trattamento dei dati personali di cui ai punti sopra.<\/p>\r\n\r\n<p><strong>Modalit\u00e0 di esercizio dei diritti e richiesta informazioni<\/strong><\/p>\r\n\r\n<p>Gli utenti possono esercitare i propri diritti e porre eventuali domande in qualsiasi momento, inviando una mail all\u2019indirizzo: privacy@farzedi.com.<\/p>\r\n[\/vc_column_text][\/vc_column][\/vc_row]","protected":false},"excerpt":{"rendered":"<p>[vc_row type=&#8221;in_container&#8221; full_screen_row_position=&#8221;middle&#8221; column_margin=&#8221;default&#8221; scene_position=&#8221;center&#8221; text_color=&#8221;dark&#8221; text_align=&#8221;left&#8221; overlay_strength=&#8221;0.3&#8243; shape_divider_position=&#8221;bottom&#8221; bg_image_animation=&#8221;none&#8221;][vc_column column_padding=&#8221;no-extra-padding&#8221; column_padding_position=&#8221;all&#8221; background_color_opacity=&#8221;1&#8243; background_hover_color_opacity=&#8221;1&#8243; column_link_target=&#8221;_self&#8221; column_shadow=&#8221;none&#8221; column_border_radius=&#8221;none&#8221; width=&#8221;1\/1&#8243; tablet_width_inherit=&#8221;default&#8221; tablet_text_alignment=&#8221;default&#8221; phone_text_alignment=&#8221;default&#8221; overlay_strength=&#8221;0.3&#8243; column_border_width=&#8221;none&#8221; column_border_style=&#8221;solid&#8221; bg_image_animation=&#8221;none&#8221;][vc_column_text]Informativa sulla privacy relativa all\u2019utilizzo del&#8230;<\/p>\n","protected":false},"author":4,"featured_media":0,"parent":0,"menu_order":0,"comment_status":"closed","ping_status":"closed","template":"","meta":{"footnotes":""},"class_list":["post-905","page","type-page","status-publish"],"_links":{"self":[{"href":"https:\/\/medifarmitalia.com\/it\/wp-json\/wp\/v2\/pages\/905","targetHints":{"allow":["GET"]}}],"collection":[{"href":"https:\/\/medifarmitalia.com\/it\/wp-json\/wp\/v2\/pages"}],"about":[{"href":"https:\/\/medifarmitalia.com\/it\/wp-json\/wp\/v2\/types\/page"}],"author":[{"embeddable":true,"href":"https:\/\/medifarmitalia.com\/it\/wp-json\/wp\/v2\/users\/4"}],"replies":[{"embeddable":true,"href":"https:\/\/medifarmitalia.com\/it\/wp-json\/wp\/v2\/comments?post=905"}],"version-history":[{"count":9,"href":"https:\/\/medifarmitalia.com\/it\/wp-json\/wp\/v2\/pages\/905\/revisions"}],"predecessor-version":[{"id":916,"href":"https:\/\/medifarmitalia.com\/it\/wp-json\/wp\/v2\/pages\/905\/revisions\/916"}],"wp:attachment":[{"href":"https:\/\/medifarmitalia.com\/it\/wp-json\/wp\/v2\/media?parent=905"}],"curies":[{"name":"wp","href":"https:\/\/api.w.org\/{rel}","templated":true}]}}