{"id":18,"date":"2020-02-25T11:07:55","date_gmt":"2020-02-25T10:07:55","guid":{"rendered":"http:\/\/medifarmitalia.com\/?page_id=18"},"modified":"2021-05-14T14:44:18","modified_gmt":"2021-05-14T12:44:18","slug":"home","status":"publish","type":"page","link":"https:\/\/medifarmitalia.com\/it\/","title":{"rendered":"Home"},"content":{"rendered":"[vc_row type=&#8221;full_width_background&#8221; full_screen_row_position=&#8221;middle&#8221; column_margin=&#8221;default&#8221; scene_position=&#8221;center&#8221; text_color=&#8221;light&#8221; text_align=&#8221;left&#8221; top_padding=&#8221;1%&#8221; bottom_padding=&#8221;1%&#8221; enable_gradient=&#8221;true&#8221; color_overlay=&#8221;#3452ff&#8221; color_overlay_2=&#8221;#ff1053&#8243; gradient_direction=&#8221;left_t_to_right_b&#8221; overlay_strength=&#8221;0.8&#8243; enable_shape_divider=&#8221;true&#8221; shape_divider_color=&#8221;#ffffff&#8221; shape_divider_position=&#8221;bottom&#8221; shape_divider_height=&#8221;15&#8243; bg_image_animation=&#8221;fade-in&#8221; video_mute=&#8221;true&#8221; shape_type=&#8221;straight_section&#8221;][vc_column column_padding=&#8221;no-extra-padding&#8221; column_padding_position=&#8221;all&#8221; background_color_opacity=&#8221;1&#8243; background_hover_color_opacity=&#8221;1&#8243; column_link_target=&#8221;_self&#8221; column_shadow=&#8221;none&#8221; column_border_radius=&#8221;none&#8221; width=&#8221;1\/6&#8243; tablet_width_inherit=&#8221;default&#8221; tablet_text_alignment=&#8221;default&#8221; phone_text_alignment=&#8221;default&#8221; overlay_strength=&#8221;0.3&#8243; column_border_width=&#8221;none&#8221; column_border_style=&#8221;solid&#8221; bg_image_animation=&#8221;none&#8221;][\/vc_column][vc_column centered_text=&#8221;true&#8221; column_padding=&#8221;no-extra-padding&#8221; column_padding_position=&#8221;all&#8221; background_color_opacity=&#8221;1&#8243; background_hover_color_opacity=&#8221;1&#8243; column_link_target=&#8221;_self&#8221; column_shadow=&#8221;none&#8221; column_border_radius=&#8221;none&#8221; width=&#8221;2\/3&#8243; tablet_width_inherit=&#8221;default&#8221; tablet_text_alignment=&#8221;default&#8221; phone_text_alignment=&#8221;default&#8221; overlay_strength=&#8221;0.3&#8243; column_border_width=&#8221;none&#8221; column_border_style=&#8221;solid&#8221; bg_image_animation=&#8221;zoom-out-reveal&#8221;][vc_row_inner column_margin=&#8221;default&#8221; text_align=&#8221;left&#8221;][vc_column_inner column_padding=&#8221;padding-1-percent&#8221; column_padding_position=&#8221;left-right&#8221; background_color_opacity=&#8221;1&#8243; background_hover_color_opacity=&#8221;1&#8243; column_shadow=&#8221;none&#8221; column_border_radius=&#8221;none&#8221; bottom_margin=&#8221;5%&#8221; column_link_target=&#8221;_self&#8221; width=&#8221;1\/1&#8243; tablet_width_inherit=&#8221;default&#8221; overlay_strength=&#8221;0.3&#8243; column_border_width=&#8221;none&#8221; column_border_style=&#8221;solid&#8221; bg_image_animation=&#8221;zoom-out-reveal&#8221; enable_animation=&#8221;true&#8221; animation=&#8221;grow-in&#8221;][nectar_video_lightbox link_style=&#8221;play_button_2&#8243; nectar_play_button_color=&#8221;Default-Accent-Color&#8221; image_url=&#8221;395&#8243; hover_effect=&#8221;defaut&#8221; box_shadow=&#8221;x_large_depth&#8221; border_radius=&#8221;10px&#8221; play_button_size=&#8221;larger&#8221; video_url=&#8221;http:\/\/medifarmitalia.com\/wp-content\/uploads\/2020\/09\/Promotional-Video_light_480.mp4&#8243;][\/vc_column_inner][\/vc_row_inner][\/vc_column][vc_column column_padding=&#8221;no-extra-padding&#8221; column_padding_position=&#8221;all&#8221; background_color_opacity=&#8221;1&#8243; background_hover_color_opacity=&#8221;1&#8243; column_link_target=&#8221;_self&#8221; column_shadow=&#8221;none&#8221; column_border_radius=&#8221;none&#8221; width=&#8221;1\/6&#8243; tablet_width_inherit=&#8221;default&#8221; tablet_text_alignment=&#8221;default&#8221; phone_text_alignment=&#8221;default&#8221; overlay_strength=&#8221;0.3&#8243; column_border_width=&#8221;none&#8221; column_border_style=&#8221;solid&#8221; bg_image_animation=&#8221;none&#8221;][\/vc_column][\/vc_row][vc_row type=&#8221;in_container&#8221; full_screen_row_position=&#8221;middle&#8221; column_margin=&#8221;default&#8221; scene_position=&#8221;center&#8221; text_color=&#8221;dark&#8221; text_align=&#8221;left&#8221; bottom_padding=&#8221;2%&#8221; overlay_strength=&#8221;0.3&#8243; shape_divider_position=&#8221;bottom&#8221; bg_image_animation=&#8221;none&#8221; shape_type=&#8221;&#8221;][vc_column column_padding=&#8221;no-extra-padding&#8221; column_padding_position=&#8221;all&#8221; background_color_opacity=&#8221;1&#8243; background_hover_color_opacity=&#8221;1&#8243; column_link_target=&#8221;_self&#8221; column_shadow=&#8221;none&#8221; column_border_radius=&#8221;none&#8221; width=&#8221;1\/1&#8243; tablet_width_inherit=&#8221;default&#8221; tablet_text_alignment=&#8221;default&#8221; phone_text_alignment=&#8221;default&#8221; overlay_strength=&#8221;0.3&#8243; column_border_width=&#8221;none&#8221; column_border_style=&#8221;solid&#8221; bg_image_animation=&#8221;none&#8221;][vc_column_text]\n<h2 style=\"margin: 0px 0px 10px; padding: 0px; border: 0px; font-variant-numeric: inherit; font-variant-east-asian: inherit; font-stretch: inherit; font-size: 18px; line-height: 1.6; font-family: arial, Arial, Helvetica, sans-serif; vertical-align: baseline; color: #444444;\"><strong style=\"margin: 0px; padding: 0px; border: 0px; font-style: inherit; font-variant: inherit; font-stretch: inherit; font-size: inherit; line-height: inherit; font-family: inherit; vertical-align: baseline;\">Chi \u00e8 Medifarm S.r.l.?<\/strong><\/h2>\n<p>Leader sul mercato dell\u2019importazione parallela, Medifarm \u00e8 titolare di oltre 200 licenze per soddisfare pi\u00f9 di 2.000 clienti in tutta Italia.<br \/>\nCon pi\u00f9 di 20 anni di esperienza nel campo farmaceutico, la Medifarm fa parte di un gruppo multinazionale Europeo che vanta sedi in Francia, Inghilterra, Spagna, Portogallo, Germania e Olanda.<\/p>\n<p>Nel rigoroso rispetto delle norme vigenti, Medifarm si pone il chiaro obiettivo di offrire farmaci di marca gi\u00e0 presenti sul mercato tradizionale a prezzi inferiori in quanto il commercio parallelo di un medicinale \u00e8 basato sulla differenza di prezzo praticato sullo stesso prodotto in diversi stati membri della Comunit\u00e0 Europea. I medicinali di Importazione Parallela della Medifarm S.r.l. sono autorizzati dall\u2019AIFA (<em>Agenzia Italiana del Farmaco<\/em>) e vengono commercializzati su tutto il territorio nazionale.[\/vc_column_text][\/vc_column][\/vc_row][vc_row type=&#8221;in_container&#8221; full_screen_row_position=&#8221;middle&#8221; column_margin=&#8221;default&#8221; scene_position=&#8221;center&#8221; text_color=&#8221;dark&#8221; text_align=&#8221;left&#8221; overlay_strength=&#8221;0.3&#8243; shape_divider_position=&#8221;bottom&#8221; bg_image_animation=&#8221;none&#8221;][vc_column column_padding=&#8221;no-extra-padding&#8221; column_padding_position=&#8221;all&#8221; background_color_opacity=&#8221;1&#8243; background_hover_color_opacity=&#8221;1&#8243; column_link_target=&#8221;_self&#8221; column_shadow=&#8221;none&#8221; column_border_radius=&#8221;none&#8221; width=&#8221;1\/4&#8243; tablet_width_inherit=&#8221;default&#8221; tablet_text_alignment=&#8221;default&#8221; phone_text_alignment=&#8221;default&#8221; overlay_strength=&#8221;0.3&#8243; column_border_width=&#8221;none&#8221; column_border_style=&#8221;solid&#8221; bg_image_animation=&#8221;none&#8221;][image_with_animation image_url=&#8221;571&#8243; alignment=&#8221;center&#8221; animation=&#8221;Fade In&#8221; img_link_target=&#8221;_blank&#8221; hover_animation=&#8221;none&#8221; border_radius=&#8221;none&#8221; box_shadow=&#8221;none&#8221; image_loading=&#8221;default&#8221; max_width=&#8221;75%&#8221; max_width_mobile=&#8221;default&#8221; img_link=&#8221;https:\/\/www.aifa.gov.it\/&#8221;][\/vc_column][vc_column column_padding=&#8221;no-extra-padding&#8221; column_padding_position=&#8221;all&#8221; background_color_opacity=&#8221;1&#8243; background_hover_color_opacity=&#8221;1&#8243; column_link_target=&#8221;_self&#8221; column_shadow=&#8221;none&#8221; column_border_radius=&#8221;none&#8221; width=&#8221;1\/4&#8243; tablet_width_inherit=&#8221;default&#8221; tablet_text_alignment=&#8221;default&#8221; phone_text_alignment=&#8221;default&#8221; overlay_strength=&#8221;0.3&#8243; column_border_width=&#8221;none&#8221; column_border_style=&#8221;solid&#8221; bg_image_animation=&#8221;none&#8221;][image_with_animation image_url=&#8221;569&#8243; alignment=&#8221;center&#8221; animation=&#8221;Fade In&#8221; img_link_target=&#8221;_blank&#8221; hover_animation=&#8221;none&#8221; border_radius=&#8221;none&#8221; box_shadow=&#8221;none&#8221; image_loading=&#8221;default&#8221; max_width=&#8221;75%&#8221; max_width_mobile=&#8221;default&#8221; img_link=&#8221;http:\/\/affordablemedicines.eu\/&#8221;][\/vc_column][vc_column column_padding=&#8221;no-extra-padding&#8221; column_padding_position=&#8221;all&#8221; background_color_opacity=&#8221;1&#8243; background_hover_color_opacity=&#8221;1&#8243; column_link_target=&#8221;_self&#8221; column_shadow=&#8221;none&#8221; column_border_radius=&#8221;none&#8221; width=&#8221;1\/4&#8243; tablet_width_inherit=&#8221;default&#8221; tablet_text_alignment=&#8221;default&#8221; phone_text_alignment=&#8221;default&#8221; overlay_strength=&#8221;0.3&#8243; column_border_width=&#8221;none&#8221; column_border_style=&#8221;solid&#8221; bg_image_animation=&#8221;none&#8221;][image_with_animation image_url=&#8221;573&#8243; alignment=&#8221;center&#8221; animation=&#8221;Fade In&#8221; img_link_target=&#8221;_blank&#8221; hover_animation=&#8221;none&#8221; border_radius=&#8221;none&#8221; box_shadow=&#8221;none&#8221; image_loading=&#8221;default&#8221; max_width=&#8221;75%&#8221; max_width_mobile=&#8221;default&#8221; img_link=&#8221;https:\/\/www.ema.europa.eu\/en&#8221;][\/vc_column][vc_column column_padding=&#8221;no-extra-padding&#8221; column_padding_position=&#8221;all&#8221; background_color_opacity=&#8221;1&#8243; background_hover_color_opacity=&#8221;1&#8243; column_link_target=&#8221;_self&#8221; column_shadow=&#8221;none&#8221; column_border_radius=&#8221;none&#8221; width=&#8221;1\/4&#8243; tablet_width_inherit=&#8221;default&#8221; tablet_text_alignment=&#8221;default&#8221; phone_text_alignment=&#8221;default&#8221; overlay_strength=&#8221;0.3&#8243; column_border_width=&#8221;none&#8221; column_border_style=&#8221;solid&#8221; bg_image_animation=&#8221;none&#8221;][image_with_animation image_url=&#8221;577&#8243; alignment=&#8221;center&#8221; animation=&#8221;Fade In&#8221; img_link_target=&#8221;_blank&#8221; hover_animation=&#8221;none&#8221; border_radius=&#8221;none&#8221; box_shadow=&#8221;none&#8221; image_loading=&#8221;default&#8221; max_width=&#8221;75%&#8221; max_width_mobile=&#8221;default&#8221; img_link=&#8221;https:\/\/www.gov.uk\/government\/organisations\/medicines-and-healthcare-products-regulatory-agency&#8221; margin_top=&#8221;-10&#8243;][\/vc_column][\/vc_row][vc_row type=&#8221;in_container&#8221; full_screen_row_position=&#8221;middle&#8221; column_margin=&#8221;default&#8221; scene_position=&#8221;center&#8221; text_color=&#8221;dark&#8221; text_align=&#8221;left&#8221; overlay_strength=&#8221;0.3&#8243; shape_divider_position=&#8221;bottom&#8221; bg_image_animation=&#8221;none&#8221;][vc_column column_padding=&#8221;no-extra-padding&#8221; column_padding_position=&#8221;all&#8221; background_color_opacity=&#8221;1&#8243; background_hover_color_opacity=&#8221;1&#8243; column_link_target=&#8221;_self&#8221; column_shadow=&#8221;none&#8221; column_border_radius=&#8221;none&#8221; width=&#8221;1\/2&#8243; tablet_width_inherit=&#8221;default&#8221; tablet_text_alignment=&#8221;default&#8221; phone_text_alignment=&#8221;default&#8221; overlay_strength=&#8221;0.3&#8243; column_border_width=&#8221;none&#8221; column_border_style=&#8221;solid&#8221; bg_image_animation=&#8221;none&#8221;][divider line_type=&#8221;No Line&#8221;][vc_column_text]<strong>Importazione parallela<\/strong><\/p>\n<p>I prodotti di importazione parallela rappresentano una valida alternativa a quelli gi\u00e0 presenti nel nostro paese in quanto hanno gli stessi effetti terapeutici e la stessa sicurezza d&#8217;uso del medicinale autorizzato in Italia per\u00f2 un prezzo pi\u00f9 conveniente. Medifarm provvede a mettere in commercio i prodotti d\u2019importazione\u00a0 a seguito di un\u2019autorizzazione rilasciata dall\u2019AIFA (AIP) rietichettati o riconfezionati per essere idonei alla commercializzazione nel territorio nazionale, ci\u00f2 avviene perch\u00e9 il prodotto \u201cparallelo\u201d sia conforme a quello gi\u00e0 presente in commercio. Le operazioni di riconfezionamento dei nostri prodotti vengono svolte da officine autorizzate al riconfezionamento secondario e sottoposte al controllo da parte delle agenzie pertinenti, quali il <em>Bezirksregierung D\u00fcsseldorf\u00a0<\/em>e l&#8217;<em>Health and Youth Care Inspectorate &#8211; Pharmaceutical Affairs.<\/em>[\/vc_column_text][\/vc_column][vc_column column_padding=&#8221;no-extra-padding&#8221; column_padding_position=&#8221;all&#8221; background_color_opacity=&#8221;1&#8243; background_hover_color_opacity=&#8221;1&#8243; column_link_target=&#8221;_self&#8221; column_shadow=&#8221;none&#8221; column_border_radius=&#8221;none&#8221; width=&#8221;1\/2&#8243; tablet_width_inherit=&#8221;default&#8221; tablet_text_alignment=&#8221;default&#8221; phone_text_alignment=&#8221;default&#8221; overlay_strength=&#8221;0.3&#8243; column_border_width=&#8221;none&#8221; column_border_style=&#8221;solid&#8221; bg_image_animation=&#8221;none&#8221;][image_with_animation image_url=&#8221;579&#8243; alignment=&#8221;right&#8221; animation=&#8221;Fade In From Left&#8221; hover_animation=&#8221;none&#8221; border_radius=&#8221;none&#8221; box_shadow=&#8221;none&#8221; image_loading=&#8221;default&#8221; max_width=&#8221;100%&#8221; max_width_mobile=&#8221;default&#8221;][\/vc_column][\/vc_row][vc_row type=&#8221;full_width_background&#8221; full_screen_row_position=&#8221;middle&#8221; equal_height=&#8221;yes&#8221; content_placement=&#8221;middle&#8221; column_margin=&#8221;default&#8221; bg_color=&#8221;#eaf1fd&#8221; scene_position=&#8221;center&#8221; text_color=&#8221;custom&#8221; custom_text_color=&#8221;#950bea&#8221; text_align=&#8221;left&#8221; top_padding=&#8221;11&#8243; bottom_padding=&#8221;21&#8243; overlay_strength=&#8221;0.3&#8243; shape_divider_position=&#8221;bottom&#8221; bg_image_animation=&#8221;none&#8221; shape_type=&#8221;&#8221;][vc_column column_padding=&#8221;padding-2-percent&#8221; column_padding_position=&#8221;all&#8221; background_color_opacity=&#8221;1&#8243; background_hover_color_opacity=&#8221;1&#8243; background_image=&#8221;581&#8243; font_color=&#8221;#bf472a&#8221; column_link_target=&#8221;_self&#8221; column_shadow=&#8221;none&#8221; column_border_radius=&#8221;none&#8221; width=&#8221;5\/12&#8243; tablet_width_inherit=&#8221;default&#8221; tablet_text_alignment=&#8221;default&#8221; phone_text_alignment=&#8221;default&#8221; overlay_strength=&#8221;0.3&#8243; column_border_width=&#8221;none&#8221; column_border_style=&#8221;solid&#8221; bg_image_animation=&#8221;none&#8221;][vc_column_text]\n<h1 style=\"text-align: center;\"><strong>QUICKO<\/strong><\/h1>\n<h1 style=\"text-align: center;\"><strong>ONLINE<\/strong><\/h1>\n<p style=\"text-align: center;\"><strong>Accesso riservato alle farmacie<\/strong><\/p>\n[\/vc_column_text][nectar_cta btn_style=&#8221;underline&#8221; heading_tag=&#8221;h3&#8243; text_color=&#8221;#ffffff&#8221; button_color=&#8221;accent-color&#8221; link_type=&#8221;new_tab&#8221; alignment=&#8221;center&#8221; display=&#8221;block&#8221; link_text=&#8221;LOGIN&#8221; url=&#8221;http:\/\/medifarm.quicko.eu&#8221;][\/vc_column][vc_column column_padding=&#8221;no-extra-padding&#8221; column_padding_position=&#8221;all&#8221; background_color_opacity=&#8221;1&#8243; background_hover_color_opacity=&#8221;1&#8243; column_link_target=&#8221;_self&#8221; column_shadow=&#8221;none&#8221; column_border_radius=&#8221;none&#8221; width=&#8221;7\/12&#8243; tablet_width_inherit=&#8221;default&#8221; tablet_text_alignment=&#8221;default&#8221; phone_text_alignment=&#8221;default&#8221; overlay_strength=&#8221;0.3&#8243; column_border_width=&#8221;none&#8221; column_border_style=&#8221;solid&#8221; bg_image_animation=&#8221;none&#8221;][nectar_icon_list color=&#8221;default&#8221; direction=&#8221;vertical&#8221; icon_size=&#8221;small&#8221; icon_style=&#8221;border&#8221;][nectar_icon_list_item icon_type=&#8221;icon&#8221; title=&#8221;List Item&#8221; id=&#8221;1620995617269-5&#8243; tab_id=&#8221;1620995617270-3&#8243; icon_fontawesome=&#8221;fa fa-tag&#8221; header=&#8221;Accedi alla nostra piattaforma online QUICKO e inserisci il tuo ordine rapidamente e facilmente&#8221;] [\/nectar_icon_list_item][nectar_icon_list_item icon_type=&#8221;icon&#8221; title=&#8221;List Item&#8221; id=&#8221;1620995617334-1&#8243; tab_id=&#8221;1620995617334-4&#8243; icon_fontawesome=&#8221;fa fa-credit-card&#8221; header=&#8221;Fatturazione mensile&#8221;] [\/nectar_icon_list_item][nectar_icon_list_item icon_type=&#8221;icon&#8221; title=&#8221;List Item&#8221; id=&#8221;1620995617365-7&#8243; tab_id=&#8221;1620995617366-4&#8243; icon_fontawesome=&#8221;fa fa-clock-o&#8221; header=&#8221;Disponibilit\u00e0 prodotti aggiornata in tempo reale&#8221;][\/nectar_icon_list_item][nectar_icon_list_item icon_type=&#8221;icon&#8221; title=&#8221;List Item&#8221; id=&#8221;1620995617411-0&#8243; tab_id=&#8221;1620995617412-2&#8243; icon_fontawesome=&#8221;fa fa-envelope-open&#8221; header=&#8221;Accesso a tutti i tuoi ordini e possibilit\u00e0 di download in Pdf&#8221;][\/nectar_icon_list_item][nectar_icon_list_item icon_type=&#8221;icon&#8221; title=&#8221;List Item&#8221; id=&#8221;1620995617440-3&#8243; tab_id=&#8221;1620995617441-9&#8243; icon_fontawesome=&#8221;fa fa-address-card-o&#8221; header=&#8221;Controllo volume di vendite annuale&#8221;][\/nectar_icon_list_item][\/nectar_icon_list][\/vc_column][\/vc_row]\n","protected":false},"excerpt":{"rendered":"<p>[vc_row type=&#8221;full_width_background&#8221; full_screen_row_position=&#8221;middle&#8221; column_margin=&#8221;default&#8221; scene_position=&#8221;center&#8221; text_color=&#8221;light&#8221; text_align=&#8221;left&#8221; top_padding=&#8221;1%&#8221; bottom_padding=&#8221;1%&#8221; enable_gradient=&#8221;true&#8221; color_overlay=&#8221;#3452ff&#8221; color_overlay_2=&#8221;#ff1053&#8243; gradient_direction=&#8221;left_t_to_right_b&#8221; overlay_strength=&#8221;0.8&#8243; enable_shape_divider=&#8221;true&#8221; shape_divider_color=&#8221;#ffffff&#8221; shape_divider_position=&#8221;bottom&#8221; shape_divider_height=&#8221;15&#8243; bg_image_animation=&#8221;fade-in&#8221; video_mute=&#8221;true&#8221; shape_type=&#8221;straight_section&#8221;][vc_column column_padding=&#8221;no-extra-padding&#8221; column_padding_position=&#8221;all&#8221; background_color_opacity=&#8221;1&#8243; background_hover_color_opacity=&#8221;1&#8243; column_link_target=&#8221;_self&#8221; column_shadow=&#8221;none&#8221; column_border_radius=&#8221;none&#8221; width=&#8221;1\/6&#8243; tablet_width_inherit=&#8221;default&#8221;&#8230;<\/p>\n","protected":false},"author":1,"featured_media":0,"parent":0,"menu_order":0,"comment_status":"closed","ping_status":"closed","template":"","meta":{"footnotes":""},"class_list":["post-18","page","type-page","status-publish"],"_links":{"self":[{"href":"https:\/\/medifarmitalia.com\/it\/wp-json\/wp\/v2\/pages\/18","targetHints":{"allow":["GET"]}}],"collection":[{"href":"https:\/\/medifarmitalia.com\/it\/wp-json\/wp\/v2\/pages"}],"about":[{"href":"https:\/\/medifarmitalia.com\/it\/wp-json\/wp\/v2\/types\/page"}],"author":[{"embeddable":true,"href":"https:\/\/medifarmitalia.com\/it\/wp-json\/wp\/v2\/users\/1"}],"replies":[{"embeddable":true,"href":"https:\/\/medifarmitalia.com\/it\/wp-json\/wp\/v2\/comments?post=18"}],"version-history":[{"count":19,"href":"https:\/\/medifarmitalia.com\/it\/wp-json\/wp\/v2\/pages\/18\/revisions"}],"predecessor-version":[{"id":804,"href":"https:\/\/medifarmitalia.com\/it\/wp-json\/wp\/v2\/pages\/18\/revisions\/804"}],"wp:attachment":[{"href":"https:\/\/medifarmitalia.com\/it\/wp-json\/wp\/v2\/media?parent=18"}],"curies":[{"name":"wp","href":"https:\/\/api.w.org\/{rel}","templated":true}]}}